{"id":1713,"date":"2024-02-20T07:48:02","date_gmt":"2024-02-20T06:48:02","guid":{"rendered":"https:\/\/le-rite.fr\/?page_id=1713"},"modified":"2024-02-20T07:50:28","modified_gmt":"2024-02-20T06:50:28","slug":"faire-un-don","status":"publish","type":"page","link":"https:\/\/le-rite.fr\/index.php\/faire-un-don\/","title":{"rendered":"Faire un don"},"content":{"rendered":"\t\t<div data-elementor-type=\"wp-page\" data-elementor-id=\"1713\" class=\"elementor elementor-1713\" data-elementor-post-type=\"page\">\n\t\t\t\t<div class=\"elementor-element elementor-element-b76ffaa e-flex e-con-boxed e-con e-parent\" data-id=\"b76ffaa\" data-element_type=\"container\" data-e-type=\"container\" data-settings=\"{&quot;background_background&quot;:&quot;classic&quot;}\">\n\t\t\t\t\t<div class=\"e-con-inner\">\n\t\t\t\t<div class=\"elementor-element elementor-element-bc75a16 elementor-widget elementor-widget-spacer\" data-id=\"bc75a16\" data-element_type=\"widget\" data-e-type=\"widget\" data-widget_type=\"spacer.default\">\n\t\t\t\t<div class=\"elementor-widget-container\">\n\t\t\t\t\t\t\t<div class=\"elementor-spacer\">\n\t\t\t<div class=\"elementor-spacer-inner\"><\/div>\n\t\t<\/div>\n\t\t\t\t\t\t<\/div>\n\t\t\t\t<\/div>\n\t\t\t\t<div class=\"elementor-element elementor-element-aef0751 elementor-widget elementor-widget-heading\" data-id=\"aef0751\" data-element_type=\"widget\" data-e-type=\"widget\" data-widget_type=\"heading.default\">\n\t\t\t\t<div class=\"elementor-widget-container\">\n\t\t\t\t\t<h1 class=\"elementor-heading-title elementor-size-default\">Soutenez le R.I.T.E<\/h1>\t\t\t\t<\/div>\n\t\t\t\t<\/div>\n\t\t\t\t<div class=\"elementor-element elementor-element-cae04bf elementor-widget elementor-widget-heading\" data-id=\"cae04bf\" data-element_type=\"widget\" data-e-type=\"widget\" data-widget_type=\"heading.default\">\n\t\t\t\t<div class=\"elementor-widget-container\">\n\t\t\t\t\t<h2 class=\"elementor-heading-title elementor-size-default\">- Par votre action, permettez au R.I.T.E de grandir<\/h2>\t\t\t\t<\/div>\n\t\t\t\t<\/div>\n\t\t\t\t<div class=\"elementor-element elementor-element-afec539 elementor-widget elementor-widget-spacer\" data-id=\"afec539\" data-element_type=\"widget\" data-e-type=\"widget\" data-widget_type=\"spacer.default\">\n\t\t\t\t<div class=\"elementor-widget-container\">\n\t\t\t\t\t\t\t<div class=\"elementor-spacer\">\n\t\t\t<div class=\"elementor-spacer-inner\"><\/div>\n\t\t<\/div>\n\t\t\t\t\t\t<\/div>\n\t\t\t\t<\/div>\n\t\t\t\t\t<\/div>\n\t\t\t\t<\/div>\n\t\t<div class=\"elementor-element elementor-element-1c66972 e-flex e-con-boxed e-con e-parent\" data-id=\"1c66972\" data-element_type=\"container\" data-e-type=\"container\" data-settings=\"{&quot;background_background&quot;:&quot;gradient&quot;}\">\n\t\t\t\t\t<div class=\"e-con-inner\">\n\t\t<div class=\"elementor-element elementor-element-47dc5bd e-con-full e-flex e-con e-child\" data-id=\"47dc5bd\" data-element_type=\"container\" data-e-type=\"container\">\n\t\t\t\t<div class=\"elementor-element elementor-element-116cf2d elementor-widget elementor-widget-text-editor\" data-id=\"116cf2d\" data-element_type=\"widget\" data-e-type=\"widget\" data-widget_type=\"text-editor.default\">\n\t\t\t\t<div class=\"elementor-widget-container\">\n\t\t\t\t\t\t\t\t\t<p><b>Le R.I.T.E a besoin de vous pour fonctionner et continuer de vous alimenter en connaissances et en contenu th\u00e9\u00e2tral.<\/b><\/p>\t\t\t\t\t\t\t\t<\/div>\n\t\t\t\t<\/div>\n\t\t\t\t<div class=\"elementor-element elementor-element-16934c9 elementor-widget elementor-widget-button\" data-id=\"16934c9\" data-element_type=\"widget\" data-e-type=\"widget\" data-widget_type=\"button.default\">\n\t\t\t\t<div class=\"elementor-widget-container\">\n\t\t\t\t\t\t\t\t\t<div class=\"elementor-button-wrapper\">\n\t\t\t\t\t<a class=\"elementor-button elementor-button-link elementor-size-sm\" href=\"https:\/\/www.payasso.fr\/association-rite\/dons\" target=\"_blank\">\n\t\t\t\t\t\t<span class=\"elementor-button-content-wrapper\">\n\t\t\t\t\t\t\t\t\t<span class=\"elementor-button-text\">Faire un don<\/span>\n\t\t\t\t\t<\/span>\n\t\t\t\t\t<\/a>\n\t\t\t\t<\/div>\n\t\t\t\t\t\t\t\t<\/div>\n\t\t\t\t<\/div>\n\t\t\t\t<\/div>\n\t\t<div class=\"elementor-element elementor-element-94da1c4 e-con-full e-flex e-con e-child\" data-id=\"94da1c4\" data-element_type=\"container\" data-e-type=\"container\">\n\t\t\t\t<div class=\"elementor-element elementor-element-3fc1296 elementor-widget elementor-widget-text-editor\" data-id=\"3fc1296\" data-element_type=\"widget\" data-e-type=\"widget\" data-widget_type=\"text-editor.default\">\n\t\t\t\t<div class=\"elementor-widget-container\">\n\t\t\t\t\t\t\t\t\t<p><b>Si vous appr\u00e9ciez notre travail ainsi que celui de nos contributeurs, nous vous invitons \u00e0 faire un don pour soutenir le R.I.T.E dans sa mission de transmission de savoirs autour du th\u00e9\u00e2tre \u00e9ducation.\u00a0<br \/><br \/>Faire un don permet au R.I.T.E de :\u00a0<br \/><\/b><\/p>\t\t\t\t\t\t\t\t<\/div>\n\t\t\t\t<\/div>\n\t\t\t\t<div class=\"elementor-element elementor-element-5acdd21 elementor-widget elementor-widget-text-editor\" data-id=\"5acdd21\" data-element_type=\"widget\" data-e-type=\"widget\" data-widget_type=\"text-editor.default\">\n\t\t\t\t<div class=\"elementor-widget-container\">\n\t\t\t\t\t\t\t\t\t<ul><li><b>Faire intervenir des personnalit\u00e9s du th\u00e9\u00e2tre \u00e9ducation pour des conf\u00e9rences ou des lectures.<br \/><br \/><\/b><\/li><li><strong>Signaler aux contributeurs votre reconnaissance pour le travail effectu\u00e9.<br \/><br \/><\/strong><\/li><li><strong>Organiser des \u00e9v\u00e8nements autour du th\u00e9\u00e2tre \u00e9ducation.<br \/><br \/><\/strong><\/li><li><strong>Maintenir le site \u00e0 jour de connaissances et de contenus pertinents autour du th\u00e9\u00e2tre \u00e9ducation.<\/strong><\/li><\/ul>\t\t\t\t\t\t\t\t<\/div>\n\t\t\t\t<\/div>\n\t\t\t\t<\/div>\n\t\t\t\t\t<\/div>\n\t\t\t\t<\/div>\n\t\t\t\t<\/div>\n\t\t","protected":false},"excerpt":{"rendered":"<p>Soutenez le R.I.T.E &#8211; Par votre action, permettez au R.I.T.E de grandir Le R.I.T.E a besoin de vous pour fonctionner et continuer de vous alimenter en connaissances et en contenu th\u00e9\u00e2tral. Faire un don Si vous appr\u00e9ciez notre travail ainsi que celui de nos contributeurs, nous vous invitons \u00e0 faire un don pour soutenir le [&hellip;]<\/p>\n","protected":false},"author":1,"featured_media":0,"parent":0,"menu_order":0,"comment_status":"closed","ping_status":"closed","template":"","meta":{"footnotes":""},"class_list":["post-1713","page","type-page","status-publish","hentry"],"yoast_head":"<!-- This site is optimized with the Yoast SEO plugin v26.9 - https:\/\/yoast.com\/product\/yoast-seo-wordpress\/ -->\n<title>Faire un don - Le R.I.T.E<\/title>\n<meta name=\"robots\" content=\"index, follow, max-snippet:-1, max-image-preview:large, max-video-preview:-1\" \/>\n<link rel=\"canonical\" href=\"https:\/\/le-rite.fr\/index.php\/faire-un-don\/\" \/>\n<meta property=\"og:locale\" content=\"fr_FR\" \/>\n<meta property=\"og:type\" content=\"article\" \/>\n<meta property=\"og:title\" content=\"Faire un don - Le R.I.T.E\" \/>\n<meta property=\"og:description\" content=\"Soutenez le R.I.T.E &#8211; Par votre action, permettez au R.I.T.E de grandir Le R.I.T.E a besoin de vous pour fonctionner et continuer de vous alimenter en connaissances et en contenu th\u00e9\u00e2tral. Faire un don Si vous appr\u00e9ciez notre travail ainsi que celui de nos contributeurs, nous vous invitons \u00e0 faire un don pour soutenir le [&hellip;]\" \/>\n<meta property=\"og:url\" content=\"https:\/\/le-rite.fr\/index.php\/faire-un-don\/\" \/>\n<meta property=\"og:site_name\" content=\"Le R.I.T.E\" \/>\n<meta property=\"article:modified_time\" content=\"2024-02-20T06:50:28+00:00\" \/>\n<meta name=\"twitter:card\" content=\"summary_large_image\" \/>\n<meta name=\"twitter:label1\" content=\"Dur\u00e9e de lecture estim\u00e9e\" \/>\n\t<meta name=\"twitter:data1\" content=\"1 minute\" \/>\n<script type=\"application\/ld+json\" class=\"yoast-schema-graph\">{\"@context\":\"https:\/\/schema.org\",\"@graph\":[{\"@type\":\"WebPage\",\"@id\":\"https:\/\/le-rite.fr\/index.php\/faire-un-don\/\",\"url\":\"https:\/\/le-rite.fr\/index.php\/faire-un-don\/\",\"name\":\"Faire un don - Le R.I.T.E\",\"isPartOf\":{\"@id\":\"https:\/\/le-rite.fr\/#website\"},\"datePublished\":\"2024-02-20T06:48:02+00:00\",\"dateModified\":\"2024-02-20T06:50:28+00:00\",\"breadcrumb\":{\"@id\":\"https:\/\/le-rite.fr\/index.php\/faire-un-don\/#breadcrumb\"},\"inLanguage\":\"fr-FR\",\"potentialAction\":[{\"@type\":\"ReadAction\",\"target\":[\"https:\/\/le-rite.fr\/index.php\/faire-un-don\/\"]}]},{\"@type\":\"BreadcrumbList\",\"@id\":\"https:\/\/le-rite.fr\/index.php\/faire-un-don\/#breadcrumb\",\"itemListElement\":[{\"@type\":\"ListItem\",\"position\":1,\"name\":\"Accueil\",\"item\":\"https:\/\/le-rite.fr\/\"},{\"@type\":\"ListItem\",\"position\":2,\"name\":\"Faire un don\"}]},{\"@type\":\"WebSite\",\"@id\":\"https:\/\/le-rite.fr\/#website\",\"url\":\"https:\/\/le-rite.fr\/\",\"name\":\"Le R.I.T.E\",\"description\":\"Le r\u00e9seau des intervenants en th\u00e9\u00e2tre \u00e9ducation\",\"publisher\":{\"@id\":\"https:\/\/le-rite.fr\/#organization\"},\"potentialAction\":[{\"@type\":\"SearchAction\",\"target\":{\"@type\":\"EntryPoint\",\"urlTemplate\":\"https:\/\/le-rite.fr\/?s={search_term_string}\"},\"query-input\":{\"@type\":\"PropertyValueSpecification\",\"valueRequired\":true,\"valueName\":\"search_term_string\"}}],\"inLanguage\":\"fr-FR\"},{\"@type\":\"Organization\",\"@id\":\"https:\/\/le-rite.fr\/#organization\",\"name\":\"Le R.I.T.E\",\"url\":\"https:\/\/le-rite.fr\/\",\"logo\":{\"@type\":\"ImageObject\",\"inLanguage\":\"fr-FR\",\"@id\":\"https:\/\/le-rite.fr\/#\/schema\/logo\/image\/\",\"url\":\"https:\/\/le-rite.fr\/wp-content\/uploads\/2023\/10\/logo-le-rite-v2.png\",\"contentUrl\":\"https:\/\/le-rite.fr\/wp-content\/uploads\/2023\/10\/logo-le-rite-v2.png\",\"width\":366,\"height\":285,\"caption\":\"Le R.I.T.E\"},\"image\":{\"@id\":\"https:\/\/le-rite.fr\/#\/schema\/logo\/image\/\"}}]}<\/script>\n<!-- \/ Yoast SEO plugin. -->","yoast_head_json":{"title":"Faire un don - Le R.I.T.E","robots":{"index":"index","follow":"follow","max-snippet":"max-snippet:-1","max-image-preview":"max-image-preview:large","max-video-preview":"max-video-preview:-1"},"canonical":"https:\/\/le-rite.fr\/index.php\/faire-un-don\/","og_locale":"fr_FR","og_type":"article","og_title":"Faire un don - Le R.I.T.E","og_description":"Soutenez le R.I.T.E &#8211; Par votre action, permettez au R.I.T.E de grandir Le R.I.T.E a besoin de vous pour fonctionner et continuer de vous alimenter en connaissances et en contenu th\u00e9\u00e2tral. Faire un don Si vous appr\u00e9ciez notre travail ainsi que celui de nos contributeurs, nous vous invitons \u00e0 faire un don pour soutenir le [&hellip;]","og_url":"https:\/\/le-rite.fr\/index.php\/faire-un-don\/","og_site_name":"Le R.I.T.E","article_modified_time":"2024-02-20T06:50:28+00:00","twitter_card":"summary_large_image","twitter_misc":{"Dur\u00e9e de lecture estim\u00e9e":"1 minute"},"schema":{"@context":"https:\/\/schema.org","@graph":[{"@type":"WebPage","@id":"https:\/\/le-rite.fr\/index.php\/faire-un-don\/","url":"https:\/\/le-rite.fr\/index.php\/faire-un-don\/","name":"Faire un don - Le R.I.T.E","isPartOf":{"@id":"https:\/\/le-rite.fr\/#website"},"datePublished":"2024-02-20T06:48:02+00:00","dateModified":"2024-02-20T06:50:28+00:00","breadcrumb":{"@id":"https:\/\/le-rite.fr\/index.php\/faire-un-don\/#breadcrumb"},"inLanguage":"fr-FR","potentialAction":[{"@type":"ReadAction","target":["https:\/\/le-rite.fr\/index.php\/faire-un-don\/"]}]},{"@type":"BreadcrumbList","@id":"https:\/\/le-rite.fr\/index.php\/faire-un-don\/#breadcrumb","itemListElement":[{"@type":"ListItem","position":1,"name":"Accueil","item":"https:\/\/le-rite.fr\/"},{"@type":"ListItem","position":2,"name":"Faire un don"}]},{"@type":"WebSite","@id":"https:\/\/le-rite.fr\/#website","url":"https:\/\/le-rite.fr\/","name":"Le R.I.T.E","description":"Le r\u00e9seau des intervenants en th\u00e9\u00e2tre \u00e9ducation","publisher":{"@id":"https:\/\/le-rite.fr\/#organization"},"potentialAction":[{"@type":"SearchAction","target":{"@type":"EntryPoint","urlTemplate":"https:\/\/le-rite.fr\/?s={search_term_string}"},"query-input":{"@type":"PropertyValueSpecification","valueRequired":true,"valueName":"search_term_string"}}],"inLanguage":"fr-FR"},{"@type":"Organization","@id":"https:\/\/le-rite.fr\/#organization","name":"Le R.I.T.E","url":"https:\/\/le-rite.fr\/","logo":{"@type":"ImageObject","inLanguage":"fr-FR","@id":"https:\/\/le-rite.fr\/#\/schema\/logo\/image\/","url":"https:\/\/le-rite.fr\/wp-content\/uploads\/2023\/10\/logo-le-rite-v2.png","contentUrl":"https:\/\/le-rite.fr\/wp-content\/uploads\/2023\/10\/logo-le-rite-v2.png","width":366,"height":285,"caption":"Le R.I.T.E"},"image":{"@id":"https:\/\/le-rite.fr\/#\/schema\/logo\/image\/"}}]}},"_links":{"self":[{"href":"https:\/\/le-rite.fr\/index.php\/wp-json\/wp\/v2\/pages\/1713","targetHints":{"allow":["GET"]}}],"collection":[{"href":"https:\/\/le-rite.fr\/index.php\/wp-json\/wp\/v2\/pages"}],"about":[{"href":"https:\/\/le-rite.fr\/index.php\/wp-json\/wp\/v2\/types\/page"}],"author":[{"embeddable":true,"href":"https:\/\/le-rite.fr\/index.php\/wp-json\/wp\/v2\/users\/1"}],"replies":[{"embeddable":true,"href":"https:\/\/le-rite.fr\/index.php\/wp-json\/wp\/v2\/comments?post=1713"}],"version-history":[{"count":13,"href":"https:\/\/le-rite.fr\/index.php\/wp-json\/wp\/v2\/pages\/1713\/revisions"}],"predecessor-version":[{"id":1727,"href":"https:\/\/le-rite.fr\/index.php\/wp-json\/wp\/v2\/pages\/1713\/revisions\/1727"}],"wp:attachment":[{"href":"https:\/\/le-rite.fr\/index.php\/wp-json\/wp\/v2\/media?parent=1713"}],"curies":[{"name":"wp","href":"https:\/\/api.w.org\/{rel}","templated":true}]}}