{"id":1865,"date":"2024-03-27T18:12:48","date_gmt":"2024-03-27T17:12:48","guid":{"rendered":"https:\/\/le-rite.fr\/?page_id=1865"},"modified":"2024-10-01T17:04:20","modified_gmt":"2024-10-01T15:04:20","slug":"les-tresors-darchives-du-theatre-education","status":"publish","type":"page","link":"https:\/\/le-rite.fr\/index.php\/ressources-2\/les-tresors-darchives-du-theatre-education\/","title":{"rendered":"Les tr\u00e9sors d&rsquo;archives du Th\u00e9\u00e2tre \u00c9ducation"},"content":{"rendered":"\t\t<div data-elementor-type=\"wp-page\" data-elementor-id=\"1865\" class=\"elementor elementor-1865\" data-elementor-post-type=\"page\">\n\t\t\t\t<div class=\"elementor-element elementor-element-6fc59b8 e-flex e-con-boxed e-con e-child\" data-id=\"6fc59b8\" data-element_type=\"container\" data-e-type=\"container\" data-settings=\"{&quot;background_background&quot;:&quot;classic&quot;}\">\n\t\t\t\t\t<div class=\"e-con-inner\">\n\t\t\t\t<div class=\"elementor-element elementor-element-6f3c8b8 elementor-widget elementor-widget-breadcrumbs\" data-id=\"6f3c8b8\" data-element_type=\"widget\" data-e-type=\"widget\" data-widget_type=\"breadcrumbs.default\">\n\t\t\t\t<div class=\"elementor-widget-container\">\n\t\t\t\t\t<p id=\"breadcrumbs\"><span><span><a href=\"https:\/\/le-rite.fr\/\">Accueil<\/a><\/span><\/span><\/p>\t\t\t\t<\/div>\n\t\t\t\t<\/div>\n\t\t\t\t<div class=\"elementor-element elementor-element-79e88cf elementor-widget elementor-widget-spacer\" data-id=\"79e88cf\" data-element_type=\"widget\" data-e-type=\"widget\" data-widget_type=\"spacer.default\">\n\t\t\t\t<div class=\"elementor-widget-container\">\n\t\t\t\t\t\t\t<div class=\"elementor-spacer\">\n\t\t\t<div class=\"elementor-spacer-inner\"><\/div>\n\t\t<\/div>\n\t\t\t\t\t\t<\/div>\n\t\t\t\t<\/div>\n\t\t\t\t<div class=\"elementor-element elementor-element-16d91df elementor-widget elementor-widget-heading\" data-id=\"16d91df\" data-element_type=\"widget\" data-e-type=\"widget\" data-widget_type=\"heading.default\">\n\t\t\t\t<div class=\"elementor-widget-container\">\n\t\t\t\t\t<h1 class=\"elementor-heading-title elementor-size-default\">Les tr\u00e9sors d'archives du Th\u00e9\u00e2tre \u00c9ducation<\/h1>\t\t\t\t<\/div>\n\t\t\t\t<\/div>\n\t\t\t\t<div class=\"elementor-element elementor-element-f96184d elementor-widget elementor-widget-heading\" data-id=\"f96184d\" data-element_type=\"widget\" data-e-type=\"widget\" data-widget_type=\"heading.default\">\n\t\t\t\t<div class=\"elementor-widget-container\">\n\t\t\t\t\t<h2 class=\"elementor-heading-title elementor-size-default\">- Retrouvez des articles de r\u00e9f\u00e9rence qui ont fait date<\/h2>\t\t\t\t<\/div>\n\t\t\t\t<\/div>\n\t\t\t\t<div class=\"elementor-element elementor-element-3c8f37a elementor-widget elementor-widget-spacer\" data-id=\"3c8f37a\" data-element_type=\"widget\" data-e-type=\"widget\" data-widget_type=\"spacer.default\">\n\t\t\t\t<div class=\"elementor-widget-container\">\n\t\t\t\t\t\t\t<div class=\"elementor-spacer\">\n\t\t\t<div class=\"elementor-spacer-inner\"><\/div>\n\t\t<\/div>\n\t\t\t\t\t\t<\/div>\n\t\t\t\t<\/div>\n\t\t\t\t\t<\/div>\n\t\t\t\t<\/div>\n\t\t<div class=\"elementor-element elementor-element-d2e9704 e-flex e-con-boxed e-con e-parent\" data-id=\"d2e9704\" data-element_type=\"container\" data-e-type=\"container\">\n\t\t\t\t\t<div class=\"e-con-inner\">\n\t\t<div class=\"elementor-element elementor-element-8c1a142 e-con-full e-flex e-con e-child\" data-id=\"8c1a142\" data-element_type=\"container\" data-e-type=\"container\">\n\t\t<div class=\"elementor-element elementor-element-5c5ad01 e-con-full e-flex e-con e-child\" data-id=\"5c5ad01\" data-element_type=\"container\" data-e-type=\"container\" data-settings=\"{&quot;background_background&quot;:&quot;classic&quot;}\">\n\t\t\t\t<div class=\"elementor-element elementor-element-8fd107a elementor-view-default elementor-widget elementor-widget-icon\" data-id=\"8fd107a\" data-element_type=\"widget\" data-e-type=\"widget\" data-widget_type=\"icon.default\">\n\t\t\t\t<div class=\"elementor-widget-container\">\n\t\t\t\t\t\t\t<div class=\"elementor-icon-wrapper\">\n\t\t\t<div class=\"elementor-icon\">\n\t\t\t<i aria-hidden=\"true\" class=\"fas fa-book\"><\/i>\t\t\t<\/div>\n\t\t<\/div>\n\t\t\t\t\t\t<\/div>\n\t\t\t\t<\/div>\n\t\t\t\t<div class=\"elementor-element elementor-element-2ab151f elementor-widget elementor-widget-heading\" data-id=\"2ab151f\" data-element_type=\"widget\" data-e-type=\"widget\" data-widget_type=\"heading.default\">\n\t\t\t\t<div class=\"elementor-widget-container\">\n\t\t\t\t\t<h2 class=\"elementor-heading-title elementor-size-default\">Les cahiers l'art <br>et la mani\u00e8re<\/h2>\t\t\t\t<\/div>\n\t\t\t\t<\/div>\n\t\t\t\t<div class=\"elementor-element elementor-element-a1a4186 elementor-align-center elementor-widget elementor-widget-button\" data-id=\"a1a4186\" data-element_type=\"widget\" data-e-type=\"widget\" data-widget_type=\"button.default\">\n\t\t\t\t<div class=\"elementor-widget-container\">\n\t\t\t\t\t\t\t\t\t<div class=\"elementor-button-wrapper\">\n\t\t\t\t\t<a class=\"elementor-button elementor-button-link elementor-size-sm\" href=\"https:\/\/le-rite.fr\/index.php\/ressources-2\/les-tresors-darchives-du-theatre-education\/les-cahiers-lart-et-la-maniere\/\">\n\t\t\t\t\t\t<span class=\"elementor-button-content-wrapper\">\n\t\t\t\t\t\t\t\t\t<span class=\"elementor-button-text\">Consulter<\/span>\n\t\t\t\t\t<\/span>\n\t\t\t\t\t<\/a>\n\t\t\t\t<\/div>\n\t\t\t\t\t\t\t\t<\/div>\n\t\t\t\t<\/div>\n\t\t\t\t<\/div>\n\t\t\t\t<\/div>\n\t\t<div class=\"elementor-element elementor-element-f4459f5 e-con-full e-flex e-con e-child\" data-id=\"f4459f5\" data-element_type=\"container\" data-e-type=\"container\">\n\t\t<div class=\"elementor-element elementor-element-0ce6974 e-con-full e-flex e-con e-child\" data-id=\"0ce6974\" data-element_type=\"container\" data-e-type=\"container\" data-settings=\"{&quot;background_background&quot;:&quot;classic&quot;}\">\n\t\t\t\t<div class=\"elementor-element elementor-element-4886284 elementor-view-default elementor-widget elementor-widget-icon\" data-id=\"4886284\" data-element_type=\"widget\" data-e-type=\"widget\" data-widget_type=\"icon.default\">\n\t\t\t\t<div class=\"elementor-widget-container\">\n\t\t\t\t\t\t\t<div class=\"elementor-icon-wrapper\">\n\t\t\t<div class=\"elementor-icon\">\n\t\t\t<i aria-hidden=\"true\" class=\"fas fa-book\"><\/i>\t\t\t<\/div>\n\t\t<\/div>\n\t\t\t\t\t\t<\/div>\n\t\t\t\t<\/div>\n\t\t\t\t<div class=\"elementor-element elementor-element-f34c8d6 elementor-widget elementor-widget-heading\" data-id=\"f34c8d6\" data-element_type=\"widget\" data-e-type=\"widget\" data-widget_type=\"heading.default\">\n\t\t\t\t<div class=\"elementor-widget-container\">\n\t\t\t\t\t<h2 class=\"elementor-heading-title elementor-size-default\">Articles<br><\/h2>\t\t\t\t<\/div>\n\t\t\t\t<\/div>\n\t\t\t\t<div class=\"elementor-element elementor-element-505131a elementor-align-center elementor-widget elementor-widget-button\" data-id=\"505131a\" data-element_type=\"widget\" data-e-type=\"widget\" data-widget_type=\"button.default\">\n\t\t\t\t<div class=\"elementor-widget-container\">\n\t\t\t\t\t\t\t\t\t<div class=\"elementor-button-wrapper\">\n\t\t\t\t\t<a class=\"elementor-button elementor-button-link elementor-size-sm\" href=\"https:\/\/le-rite.fr\/index.php\/ressources-2\/articles\/\">\n\t\t\t\t\t\t<span class=\"elementor-button-content-wrapper\">\n\t\t\t\t\t\t\t\t\t<span class=\"elementor-button-text\">Consulter<\/span>\n\t\t\t\t\t<\/span>\n\t\t\t\t\t<\/a>\n\t\t\t\t<\/div>\n\t\t\t\t\t\t\t\t<\/div>\n\t\t\t\t<\/div>\n\t\t\t\t<\/div>\n\t\t\t\t<\/div>\n\t\t<div class=\"elementor-element elementor-element-4b91546 e-con-full e-flex e-con e-child\" data-id=\"4b91546\" data-element_type=\"container\" data-e-type=\"container\">\n\t\t<div class=\"elementor-element elementor-element-ebacdfb e-con-full e-flex e-con e-child\" data-id=\"ebacdfb\" data-element_type=\"container\" data-e-type=\"container\" data-settings=\"{&quot;background_background&quot;:&quot;classic&quot;}\">\n\t\t\t\t<div class=\"elementor-element elementor-element-0e747f3 elementor-view-default elementor-widget elementor-widget-icon\" data-id=\"0e747f3\" data-element_type=\"widget\" data-e-type=\"widget\" data-widget_type=\"icon.default\">\n\t\t\t\t<div class=\"elementor-widget-container\">\n\t\t\t\t\t\t\t<div class=\"elementor-icon-wrapper\">\n\t\t\t<div class=\"elementor-icon\">\n\t\t\t<i aria-hidden=\"true\" class=\"fas fa-book\"><\/i>\t\t\t<\/div>\n\t\t<\/div>\n\t\t\t\t\t\t<\/div>\n\t\t\t\t<\/div>\n\t\t\t\t<div class=\"elementor-element elementor-element-9daae4f elementor-widget elementor-widget-heading\" data-id=\"9daae4f\" data-element_type=\"widget\" data-e-type=\"widget\" data-widget_type=\"heading.default\">\n\t\t\t\t<div class=\"elementor-widget-container\">\n\t\t\t\t\t<h2 class=\"elementor-heading-title elementor-size-default\">Les archives G.R.A.D.U.E.L<br><\/h2>\t\t\t\t<\/div>\n\t\t\t\t<\/div>\n\t\t\t\t<div class=\"elementor-element elementor-element-2402b64 elementor-align-center elementor-widget elementor-widget-button\" data-id=\"2402b64\" data-element_type=\"widget\" data-e-type=\"widget\" data-widget_type=\"button.default\">\n\t\t\t\t<div class=\"elementor-widget-container\">\n\t\t\t\t\t\t\t\t\t<div class=\"elementor-button-wrapper\">\n\t\t\t\t\t<a class=\"elementor-button elementor-button-link elementor-size-sm\" href=\"https:\/\/le-rite.fr\/index.php\/2024\/09\/17\/richard-monod-et-g-r-a-d-u-e-l\/\">\n\t\t\t\t\t\t<span class=\"elementor-button-content-wrapper\">\n\t\t\t\t\t\t\t\t\t<span class=\"elementor-button-text\">Consulter<\/span>\n\t\t\t\t\t<\/span>\n\t\t\t\t\t<\/a>\n\t\t\t\t<\/div>\n\t\t\t\t\t\t\t\t<\/div>\n\t\t\t\t<\/div>\n\t\t\t\t<\/div>\n\t\t\t\t<\/div>\n\t\t<div class=\"elementor-element elementor-element-d635144 e-con-full e-flex e-con e-child\" data-id=\"d635144\" data-element_type=\"container\" data-e-type=\"container\">\n\t\t<div class=\"elementor-element elementor-element-89cceed e-con-full e-flex e-con e-child\" data-id=\"89cceed\" data-element_type=\"container\" data-e-type=\"container\" data-settings=\"{&quot;background_background&quot;:&quot;classic&quot;}\">\n\t\t\t\t<div class=\"elementor-element elementor-element-d986b70 elementor-view-default elementor-widget elementor-widget-icon\" data-id=\"d986b70\" data-element_type=\"widget\" data-e-type=\"widget\" data-widget_type=\"icon.default\">\n\t\t\t\t<div class=\"elementor-widget-container\">\n\t\t\t\t\t\t\t<div class=\"elementor-icon-wrapper\">\n\t\t\t<div class=\"elementor-icon\">\n\t\t\t<i aria-hidden=\"true\" class=\"fas fa-book\"><\/i>\t\t\t<\/div>\n\t\t<\/div>\n\t\t\t\t\t\t<\/div>\n\t\t\t\t<\/div>\n\t\t\t\t<div class=\"elementor-element elementor-element-b58c3fc elementor-widget elementor-widget-heading\" data-id=\"b58c3fc\" data-element_type=\"widget\" data-e-type=\"widget\" data-widget_type=\"heading.default\">\n\t\t\t\t<div class=\"elementor-widget-container\">\n\t\t\t\t\t<h2 class=\"elementor-heading-title elementor-size-default\">Comment enseigner la trag\u00e9die aujourd\u2019hui ? Par chantal Dulibine<\/h2>\t\t\t\t<\/div>\n\t\t\t\t<\/div>\n\t\t\t\t<div class=\"elementor-element elementor-element-6d59c1e elementor-align-center elementor-widget elementor-widget-button\" data-id=\"6d59c1e\" data-element_type=\"widget\" data-e-type=\"widget\" data-widget_type=\"button.default\">\n\t\t\t\t<div class=\"elementor-widget-container\">\n\t\t\t\t\t\t\t\t\t<div class=\"elementor-button-wrapper\">\n\t\t\t\t\t<a class=\"elementor-button elementor-button-link elementor-size-sm\" href=\"https:\/\/le-rite.fr\/index.php\/2024\/03\/27\/comment-enseigner-la-tragedie-aujourdhui-2\/\">\n\t\t\t\t\t\t<span class=\"elementor-button-content-wrapper\">\n\t\t\t\t\t\t\t\t\t<span class=\"elementor-button-text\">Consulter<\/span>\n\t\t\t\t\t<\/span>\n\t\t\t\t\t<\/a>\n\t\t\t\t<\/div>\n\t\t\t\t\t\t\t\t<\/div>\n\t\t\t\t<\/div>\n\t\t\t\t<\/div>\n\t\t\t\t<\/div>\n\t\t\t\t\t<\/div>\n\t\t\t\t<\/div>\n\t\t<div class=\"elementor-element elementor-element-319bc30 e-flex e-con-boxed e-con e-parent\" data-id=\"319bc30\" data-element_type=\"container\" data-e-type=\"container\">\n\t\t\t\t\t<div class=\"e-con-inner\">\n\t\t\t\t\t<\/div>\n\t\t\t\t<\/div>\n\t\t\t\t<\/div>\n\t\t","protected":false},"excerpt":{"rendered":"<p>Les tr\u00e9sors d&rsquo;archives du Th\u00e9\u00e2tre \u00c9ducation &#8211; Retrouvez des articles de r\u00e9f\u00e9rence qui ont fait date Les cahiers l&rsquo;art et la mani\u00e8re Consulter Articles Consulter Les archives G.R.A.D.U.E.L Consulter Comment enseigner la trag\u00e9die aujourd\u2019hui ? Par chantal Dulibine Consulter<\/p>\n","protected":false},"author":1,"featured_media":0,"parent":58,"menu_order":0,"comment_status":"closed","ping_status":"closed","template":"","meta":{"footnotes":""},"class_list":["post-1865","page","type-page","status-publish","hentry"],"yoast_head":"<!-- This site is optimized with the Yoast SEO plugin v26.9 - https:\/\/yoast.com\/product\/yoast-seo-wordpress\/ -->\n<title>Les tr\u00e9sors d&#039;archives du Th\u00e9\u00e2tre \u00c9ducation - Le R.I.T.E<\/title>\n<meta name=\"robots\" content=\"index, follow, max-snippet:-1, max-image-preview:large, max-video-preview:-1\" \/>\n<link rel=\"canonical\" href=\"https:\/\/le-rite.fr\/index.php\/ressources-2\/les-tresors-darchives-du-theatre-education\/\" \/>\n<meta property=\"og:locale\" content=\"fr_FR\" \/>\n<meta property=\"og:type\" content=\"article\" \/>\n<meta property=\"og:title\" content=\"Les tr\u00e9sors d&#039;archives du Th\u00e9\u00e2tre \u00c9ducation - Le R.I.T.E\" \/>\n<meta property=\"og:description\" content=\"Les tr\u00e9sors d&rsquo;archives du Th\u00e9\u00e2tre \u00c9ducation &#8211; Retrouvez des articles de r\u00e9f\u00e9rence qui ont fait date Les cahiers l&rsquo;art et la mani\u00e8re Consulter Articles Consulter Les archives G.R.A.D.U.E.L Consulter Comment enseigner la trag\u00e9die aujourd\u2019hui ? Par chantal Dulibine Consulter\" \/>\n<meta property=\"og:url\" content=\"https:\/\/le-rite.fr\/index.php\/ressources-2\/les-tresors-darchives-du-theatre-education\/\" \/>\n<meta property=\"og:site_name\" content=\"Le R.I.T.E\" \/>\n<meta property=\"article:modified_time\" content=\"2024-10-01T15:04:20+00:00\" \/>\n<meta name=\"twitter:card\" content=\"summary_large_image\" \/>\n<script type=\"application\/ld+json\" class=\"yoast-schema-graph\">{\"@context\":\"https:\/\/schema.org\",\"@graph\":[{\"@type\":\"WebPage\",\"@id\":\"https:\/\/le-rite.fr\/index.php\/ressources-2\/les-tresors-darchives-du-theatre-education\/\",\"url\":\"https:\/\/le-rite.fr\/index.php\/ressources-2\/les-tresors-darchives-du-theatre-education\/\",\"name\":\"Les tr\u00e9sors d'archives du Th\u00e9\u00e2tre \u00c9ducation - Le R.I.T.E\",\"isPartOf\":{\"@id\":\"https:\/\/le-rite.fr\/#website\"},\"datePublished\":\"2024-03-27T17:12:48+00:00\",\"dateModified\":\"2024-10-01T15:04:20+00:00\",\"breadcrumb\":{\"@id\":\"https:\/\/le-rite.fr\/index.php\/ressources-2\/les-tresors-darchives-du-theatre-education\/#breadcrumb\"},\"inLanguage\":\"fr-FR\",\"potentialAction\":[{\"@type\":\"ReadAction\",\"target\":[\"https:\/\/le-rite.fr\/index.php\/ressources-2\/les-tresors-darchives-du-theatre-education\/\"]}]},{\"@type\":\"BreadcrumbList\",\"@id\":\"https:\/\/le-rite.fr\/index.php\/ressources-2\/les-tresors-darchives-du-theatre-education\/#breadcrumb\",\"itemListElement\":[{\"@type\":\"ListItem\",\"position\":1,\"name\":\"Accueil\",\"item\":\"https:\/\/le-rite.fr\/\"},{\"@type\":\"ListItem\",\"position\":2,\"name\":\"Ressources\",\"item\":\"https:\/\/le-rite.fr\/index.php\/ressources-2\/\"},{\"@type\":\"ListItem\",\"position\":3,\"name\":\"Les tr\u00e9sors d&rsquo;archives du Th\u00e9\u00e2tre \u00c9ducation\"}]},{\"@type\":\"WebSite\",\"@id\":\"https:\/\/le-rite.fr\/#website\",\"url\":\"https:\/\/le-rite.fr\/\",\"name\":\"Le R.I.T.E\",\"description\":\"Le r\u00e9seau des intervenants en th\u00e9\u00e2tre \u00e9ducation\",\"publisher\":{\"@id\":\"https:\/\/le-rite.fr\/#organization\"},\"potentialAction\":[{\"@type\":\"SearchAction\",\"target\":{\"@type\":\"EntryPoint\",\"urlTemplate\":\"https:\/\/le-rite.fr\/?s={search_term_string}\"},\"query-input\":{\"@type\":\"PropertyValueSpecification\",\"valueRequired\":true,\"valueName\":\"search_term_string\"}}],\"inLanguage\":\"fr-FR\"},{\"@type\":\"Organization\",\"@id\":\"https:\/\/le-rite.fr\/#organization\",\"name\":\"Le R.I.T.E\",\"url\":\"https:\/\/le-rite.fr\/\",\"logo\":{\"@type\":\"ImageObject\",\"inLanguage\":\"fr-FR\",\"@id\":\"https:\/\/le-rite.fr\/#\/schema\/logo\/image\/\",\"url\":\"https:\/\/le-rite.fr\/wp-content\/uploads\/2023\/10\/logo-le-rite-v2.png\",\"contentUrl\":\"https:\/\/le-rite.fr\/wp-content\/uploads\/2023\/10\/logo-le-rite-v2.png\",\"width\":366,\"height\":285,\"caption\":\"Le R.I.T.E\"},\"image\":{\"@id\":\"https:\/\/le-rite.fr\/#\/schema\/logo\/image\/\"}}]}<\/script>\n<!-- \/ Yoast SEO plugin. -->","yoast_head_json":{"title":"Les tr\u00e9sors d'archives du Th\u00e9\u00e2tre \u00c9ducation - Le R.I.T.E","robots":{"index":"index","follow":"follow","max-snippet":"max-snippet:-1","max-image-preview":"max-image-preview:large","max-video-preview":"max-video-preview:-1"},"canonical":"https:\/\/le-rite.fr\/index.php\/ressources-2\/les-tresors-darchives-du-theatre-education\/","og_locale":"fr_FR","og_type":"article","og_title":"Les tr\u00e9sors d'archives du Th\u00e9\u00e2tre \u00c9ducation - Le R.I.T.E","og_description":"Les tr\u00e9sors d&rsquo;archives du Th\u00e9\u00e2tre \u00c9ducation &#8211; Retrouvez des articles de r\u00e9f\u00e9rence qui ont fait date Les cahiers l&rsquo;art et la mani\u00e8re Consulter Articles Consulter Les archives G.R.A.D.U.E.L Consulter Comment enseigner la trag\u00e9die aujourd\u2019hui ? Par chantal Dulibine Consulter","og_url":"https:\/\/le-rite.fr\/index.php\/ressources-2\/les-tresors-darchives-du-theatre-education\/","og_site_name":"Le R.I.T.E","article_modified_time":"2024-10-01T15:04:20+00:00","twitter_card":"summary_large_image","schema":{"@context":"https:\/\/schema.org","@graph":[{"@type":"WebPage","@id":"https:\/\/le-rite.fr\/index.php\/ressources-2\/les-tresors-darchives-du-theatre-education\/","url":"https:\/\/le-rite.fr\/index.php\/ressources-2\/les-tresors-darchives-du-theatre-education\/","name":"Les tr\u00e9sors d'archives du Th\u00e9\u00e2tre \u00c9ducation - Le R.I.T.E","isPartOf":{"@id":"https:\/\/le-rite.fr\/#website"},"datePublished":"2024-03-27T17:12:48+00:00","dateModified":"2024-10-01T15:04:20+00:00","breadcrumb":{"@id":"https:\/\/le-rite.fr\/index.php\/ressources-2\/les-tresors-darchives-du-theatre-education\/#breadcrumb"},"inLanguage":"fr-FR","potentialAction":[{"@type":"ReadAction","target":["https:\/\/le-rite.fr\/index.php\/ressources-2\/les-tresors-darchives-du-theatre-education\/"]}]},{"@type":"BreadcrumbList","@id":"https:\/\/le-rite.fr\/index.php\/ressources-2\/les-tresors-darchives-du-theatre-education\/#breadcrumb","itemListElement":[{"@type":"ListItem","position":1,"name":"Accueil","item":"https:\/\/le-rite.fr\/"},{"@type":"ListItem","position":2,"name":"Ressources","item":"https:\/\/le-rite.fr\/index.php\/ressources-2\/"},{"@type":"ListItem","position":3,"name":"Les tr\u00e9sors d&rsquo;archives du Th\u00e9\u00e2tre \u00c9ducation"}]},{"@type":"WebSite","@id":"https:\/\/le-rite.fr\/#website","url":"https:\/\/le-rite.fr\/","name":"Le R.I.T.E","description":"Le r\u00e9seau des intervenants en th\u00e9\u00e2tre \u00e9ducation","publisher":{"@id":"https:\/\/le-rite.fr\/#organization"},"potentialAction":[{"@type":"SearchAction","target":{"@type":"EntryPoint","urlTemplate":"https:\/\/le-rite.fr\/?s={search_term_string}"},"query-input":{"@type":"PropertyValueSpecification","valueRequired":true,"valueName":"search_term_string"}}],"inLanguage":"fr-FR"},{"@type":"Organization","@id":"https:\/\/le-rite.fr\/#organization","name":"Le R.I.T.E","url":"https:\/\/le-rite.fr\/","logo":{"@type":"ImageObject","inLanguage":"fr-FR","@id":"https:\/\/le-rite.fr\/#\/schema\/logo\/image\/","url":"https:\/\/le-rite.fr\/wp-content\/uploads\/2023\/10\/logo-le-rite-v2.png","contentUrl":"https:\/\/le-rite.fr\/wp-content\/uploads\/2023\/10\/logo-le-rite-v2.png","width":366,"height":285,"caption":"Le R.I.T.E"},"image":{"@id":"https:\/\/le-rite.fr\/#\/schema\/logo\/image\/"}}]}},"_links":{"self":[{"href":"https:\/\/le-rite.fr\/index.php\/wp-json\/wp\/v2\/pages\/1865","targetHints":{"allow":["GET"]}}],"collection":[{"href":"https:\/\/le-rite.fr\/index.php\/wp-json\/wp\/v2\/pages"}],"about":[{"href":"https:\/\/le-rite.fr\/index.php\/wp-json\/wp\/v2\/types\/page"}],"author":[{"embeddable":true,"href":"https:\/\/le-rite.fr\/index.php\/wp-json\/wp\/v2\/users\/1"}],"replies":[{"embeddable":true,"href":"https:\/\/le-rite.fr\/index.php\/wp-json\/wp\/v2\/comments?post=1865"}],"version-history":[{"count":31,"href":"https:\/\/le-rite.fr\/index.php\/wp-json\/wp\/v2\/pages\/1865\/revisions"}],"predecessor-version":[{"id":2379,"href":"https:\/\/le-rite.fr\/index.php\/wp-json\/wp\/v2\/pages\/1865\/revisions\/2379"}],"up":[{"embeddable":true,"href":"https:\/\/le-rite.fr\/index.php\/wp-json\/wp\/v2\/pages\/58"}],"wp:attachment":[{"href":"https:\/\/le-rite.fr\/index.php\/wp-json\/wp\/v2\/media?parent=1865"}],"curies":[{"name":"wp","href":"https:\/\/api.w.org\/{rel}","templated":true}]}}