{"id":2189,"date":"2024-07-30T15:00:00","date_gmt":"2024-07-30T13:00:00","guid":{"rendered":"https:\/\/le-rite.fr\/?page_id=2189"},"modified":"2024-07-30T15:56:37","modified_gmt":"2024-07-30T13:56:37","slug":"journees-detude","status":"publish","type":"page","link":"https:\/\/le-rite.fr\/index.php\/ressources-2\/les-archives-du-r-i-t-e\/journees-detude\/","title":{"rendered":"Journ\u00e9es d&rsquo;\u00e9tude"},"content":{"rendered":"\t\t<div data-elementor-type=\"wp-page\" data-elementor-id=\"2189\" class=\"elementor elementor-2189\" data-elementor-post-type=\"page\">\n\t\t\t\t<div class=\"elementor-element elementor-element-1acae95 e-flex e-con-boxed e-con e-child\" data-id=\"1acae95\" data-element_type=\"container\" data-e-type=\"container\" data-settings=\"{&quot;background_background&quot;:&quot;classic&quot;}\">\n\t\t\t\t\t<div class=\"e-con-inner\">\n\t\t\t\t<div class=\"elementor-element elementor-element-01e2475 elementor-widget elementor-widget-breadcrumbs\" data-id=\"01e2475\" data-element_type=\"widget\" data-e-type=\"widget\" data-widget_type=\"breadcrumbs.default\">\n\t\t\t\t<div class=\"elementor-widget-container\">\n\t\t\t\t\t<p id=\"breadcrumbs\"><span><span><a href=\"https:\/\/le-rite.fr\/\">Accueil<\/a><\/span><\/span><\/p>\t\t\t\t<\/div>\n\t\t\t\t<\/div>\n\t\t\t\t<div class=\"elementor-element elementor-element-80cbb53 elementor-widget elementor-widget-spacer\" data-id=\"80cbb53\" data-element_type=\"widget\" data-e-type=\"widget\" data-widget_type=\"spacer.default\">\n\t\t\t\t<div class=\"elementor-widget-container\">\n\t\t\t\t\t\t\t<div class=\"elementor-spacer\">\n\t\t\t<div class=\"elementor-spacer-inner\"><\/div>\n\t\t<\/div>\n\t\t\t\t\t\t<\/div>\n\t\t\t\t<\/div>\n\t\t\t\t<div class=\"elementor-element elementor-element-54a95ba elementor-widget elementor-widget-heading\" data-id=\"54a95ba\" data-element_type=\"widget\" data-e-type=\"widget\" data-widget_type=\"heading.default\">\n\t\t\t\t<div class=\"elementor-widget-container\">\n\t\t\t\t\t<h1 class=\"elementor-heading-title elementor-size-default\">Journ\u00e9es d'\u00e9tudes<\/h1>\t\t\t\t<\/div>\n\t\t\t\t<\/div>\n\t\t\t\t<div class=\"elementor-element elementor-element-ce113e3 elementor-widget elementor-widget-heading\" data-id=\"ce113e3\" data-element_type=\"widget\" data-e-type=\"widget\" data-widget_type=\"heading.default\">\n\t\t\t\t<div class=\"elementor-widget-container\">\n\t\t\t\t\t<h2 class=\"elementor-heading-title elementor-size-default\">- Retrouvez-ici les archives de nos journ\u00e9es d'\u00e9tudes<\/h2>\t\t\t\t<\/div>\n\t\t\t\t<\/div>\n\t\t\t\t<div class=\"elementor-element elementor-element-f01fe0d elementor-widget elementor-widget-spacer\" data-id=\"f01fe0d\" data-element_type=\"widget\" data-e-type=\"widget\" data-widget_type=\"spacer.default\">\n\t\t\t\t<div class=\"elementor-widget-container\">\n\t\t\t\t\t\t\t<div class=\"elementor-spacer\">\n\t\t\t<div class=\"elementor-spacer-inner\"><\/div>\n\t\t<\/div>\n\t\t\t\t\t\t<\/div>\n\t\t\t\t<\/div>\n\t\t\t\t\t<\/div>\n\t\t\t\t<\/div>\n\t\t\t\t<\/div>\n\t\t","protected":false},"excerpt":{"rendered":"<p>Journ\u00e9es d&rsquo;\u00e9tudes &#8211; Retrouvez-ici les archives de nos journ\u00e9es d&rsquo;\u00e9tudes<\/p>\n","protected":false},"author":1,"featured_media":0,"parent":2173,"menu_order":0,"comment_status":"closed","ping_status":"closed","template":"","meta":{"footnotes":""},"class_list":["post-2189","page","type-page","status-publish","hentry"],"yoast_head":"<!-- This site is optimized with the Yoast SEO plugin v26.9 - https:\/\/yoast.com\/product\/yoast-seo-wordpress\/ -->\n<title>Journ\u00e9es d&#039;\u00e9tude - Le R.I.T.E<\/title>\n<meta name=\"robots\" content=\"index, follow, max-snippet:-1, max-image-preview:large, max-video-preview:-1\" \/>\n<link rel=\"canonical\" href=\"https:\/\/le-rite.fr\/index.php\/ressources-2\/les-archives-du-r-i-t-e\/journees-detude\/\" \/>\n<meta property=\"og:locale\" content=\"fr_FR\" \/>\n<meta property=\"og:type\" content=\"article\" \/>\n<meta property=\"og:title\" content=\"Journ\u00e9es d&#039;\u00e9tude - Le R.I.T.E\" \/>\n<meta property=\"og:description\" content=\"Journ\u00e9es d&rsquo;\u00e9tudes &#8211; Retrouvez-ici les archives de nos journ\u00e9es d&rsquo;\u00e9tudes\" \/>\n<meta property=\"og:url\" content=\"https:\/\/le-rite.fr\/index.php\/ressources-2\/les-archives-du-r-i-t-e\/journees-detude\/\" \/>\n<meta property=\"og:site_name\" content=\"Le R.I.T.E\" \/>\n<meta property=\"article:modified_time\" content=\"2024-07-30T13:56:37+00:00\" \/>\n<meta name=\"twitter:card\" content=\"summary_large_image\" \/>\n<script type=\"application\/ld+json\" class=\"yoast-schema-graph\">{\"@context\":\"https:\/\/schema.org\",\"@graph\":[{\"@type\":\"WebPage\",\"@id\":\"https:\/\/le-rite.fr\/index.php\/ressources-2\/les-archives-du-r-i-t-e\/journees-detude\/\",\"url\":\"https:\/\/le-rite.fr\/index.php\/ressources-2\/les-archives-du-r-i-t-e\/journees-detude\/\",\"name\":\"Journ\u00e9es d'\u00e9tude - Le R.I.T.E\",\"isPartOf\":{\"@id\":\"https:\/\/le-rite.fr\/#website\"},\"datePublished\":\"2024-07-30T13:00:00+00:00\",\"dateModified\":\"2024-07-30T13:56:37+00:00\",\"breadcrumb\":{\"@id\":\"https:\/\/le-rite.fr\/index.php\/ressources-2\/les-archives-du-r-i-t-e\/journees-detude\/#breadcrumb\"},\"inLanguage\":\"fr-FR\",\"potentialAction\":[{\"@type\":\"ReadAction\",\"target\":[\"https:\/\/le-rite.fr\/index.php\/ressources-2\/les-archives-du-r-i-t-e\/journees-detude\/\"]}]},{\"@type\":\"BreadcrumbList\",\"@id\":\"https:\/\/le-rite.fr\/index.php\/ressources-2\/les-archives-du-r-i-t-e\/journees-detude\/#breadcrumb\",\"itemListElement\":[{\"@type\":\"ListItem\",\"position\":1,\"name\":\"Accueil\",\"item\":\"https:\/\/le-rite.fr\/\"},{\"@type\":\"ListItem\",\"position\":2,\"name\":\"Ressources\",\"item\":\"https:\/\/le-rite.fr\/index.php\/ressources-2\/\"},{\"@type\":\"ListItem\",\"position\":3,\"name\":\"Les archives du R.I.T.E\",\"item\":\"https:\/\/le-rite.fr\/index.php\/ressources-2\/les-archives-du-r-i-t-e\/\"},{\"@type\":\"ListItem\",\"position\":4,\"name\":\"Journ\u00e9es d&rsquo;\u00e9tude\"}]},{\"@type\":\"WebSite\",\"@id\":\"https:\/\/le-rite.fr\/#website\",\"url\":\"https:\/\/le-rite.fr\/\",\"name\":\"Le R.I.T.E\",\"description\":\"Le r\u00e9seau des intervenants en th\u00e9\u00e2tre \u00e9ducation\",\"publisher\":{\"@id\":\"https:\/\/le-rite.fr\/#organization\"},\"potentialAction\":[{\"@type\":\"SearchAction\",\"target\":{\"@type\":\"EntryPoint\",\"urlTemplate\":\"https:\/\/le-rite.fr\/?s={search_term_string}\"},\"query-input\":{\"@type\":\"PropertyValueSpecification\",\"valueRequired\":true,\"valueName\":\"search_term_string\"}}],\"inLanguage\":\"fr-FR\"},{\"@type\":\"Organization\",\"@id\":\"https:\/\/le-rite.fr\/#organization\",\"name\":\"Le R.I.T.E\",\"url\":\"https:\/\/le-rite.fr\/\",\"logo\":{\"@type\":\"ImageObject\",\"inLanguage\":\"fr-FR\",\"@id\":\"https:\/\/le-rite.fr\/#\/schema\/logo\/image\/\",\"url\":\"https:\/\/le-rite.fr\/wp-content\/uploads\/2023\/10\/logo-le-rite-v2.png\",\"contentUrl\":\"https:\/\/le-rite.fr\/wp-content\/uploads\/2023\/10\/logo-le-rite-v2.png\",\"width\":366,\"height\":285,\"caption\":\"Le R.I.T.E\"},\"image\":{\"@id\":\"https:\/\/le-rite.fr\/#\/schema\/logo\/image\/\"}}]}<\/script>\n<!-- \/ Yoast SEO plugin. -->","yoast_head_json":{"title":"Journ\u00e9es d'\u00e9tude - Le R.I.T.E","robots":{"index":"index","follow":"follow","max-snippet":"max-snippet:-1","max-image-preview":"max-image-preview:large","max-video-preview":"max-video-preview:-1"},"canonical":"https:\/\/le-rite.fr\/index.php\/ressources-2\/les-archives-du-r-i-t-e\/journees-detude\/","og_locale":"fr_FR","og_type":"article","og_title":"Journ\u00e9es d'\u00e9tude - Le R.I.T.E","og_description":"Journ\u00e9es d&rsquo;\u00e9tudes &#8211; Retrouvez-ici les archives de nos journ\u00e9es d&rsquo;\u00e9tudes","og_url":"https:\/\/le-rite.fr\/index.php\/ressources-2\/les-archives-du-r-i-t-e\/journees-detude\/","og_site_name":"Le R.I.T.E","article_modified_time":"2024-07-30T13:56:37+00:00","twitter_card":"summary_large_image","schema":{"@context":"https:\/\/schema.org","@graph":[{"@type":"WebPage","@id":"https:\/\/le-rite.fr\/index.php\/ressources-2\/les-archives-du-r-i-t-e\/journees-detude\/","url":"https:\/\/le-rite.fr\/index.php\/ressources-2\/les-archives-du-r-i-t-e\/journees-detude\/","name":"Journ\u00e9es d'\u00e9tude - Le R.I.T.E","isPartOf":{"@id":"https:\/\/le-rite.fr\/#website"},"datePublished":"2024-07-30T13:00:00+00:00","dateModified":"2024-07-30T13:56:37+00:00","breadcrumb":{"@id":"https:\/\/le-rite.fr\/index.php\/ressources-2\/les-archives-du-r-i-t-e\/journees-detude\/#breadcrumb"},"inLanguage":"fr-FR","potentialAction":[{"@type":"ReadAction","target":["https:\/\/le-rite.fr\/index.php\/ressources-2\/les-archives-du-r-i-t-e\/journees-detude\/"]}]},{"@type":"BreadcrumbList","@id":"https:\/\/le-rite.fr\/index.php\/ressources-2\/les-archives-du-r-i-t-e\/journees-detude\/#breadcrumb","itemListElement":[{"@type":"ListItem","position":1,"name":"Accueil","item":"https:\/\/le-rite.fr\/"},{"@type":"ListItem","position":2,"name":"Ressources","item":"https:\/\/le-rite.fr\/index.php\/ressources-2\/"},{"@type":"ListItem","position":3,"name":"Les archives du R.I.T.E","item":"https:\/\/le-rite.fr\/index.php\/ressources-2\/les-archives-du-r-i-t-e\/"},{"@type":"ListItem","position":4,"name":"Journ\u00e9es d&rsquo;\u00e9tude"}]},{"@type":"WebSite","@id":"https:\/\/le-rite.fr\/#website","url":"https:\/\/le-rite.fr\/","name":"Le R.I.T.E","description":"Le r\u00e9seau des intervenants en th\u00e9\u00e2tre \u00e9ducation","publisher":{"@id":"https:\/\/le-rite.fr\/#organization"},"potentialAction":[{"@type":"SearchAction","target":{"@type":"EntryPoint","urlTemplate":"https:\/\/le-rite.fr\/?s={search_term_string}"},"query-input":{"@type":"PropertyValueSpecification","valueRequired":true,"valueName":"search_term_string"}}],"inLanguage":"fr-FR"},{"@type":"Organization","@id":"https:\/\/le-rite.fr\/#organization","name":"Le R.I.T.E","url":"https:\/\/le-rite.fr\/","logo":{"@type":"ImageObject","inLanguage":"fr-FR","@id":"https:\/\/le-rite.fr\/#\/schema\/logo\/image\/","url":"https:\/\/le-rite.fr\/wp-content\/uploads\/2023\/10\/logo-le-rite-v2.png","contentUrl":"https:\/\/le-rite.fr\/wp-content\/uploads\/2023\/10\/logo-le-rite-v2.png","width":366,"height":285,"caption":"Le R.I.T.E"},"image":{"@id":"https:\/\/le-rite.fr\/#\/schema\/logo\/image\/"}}]}},"_links":{"self":[{"href":"https:\/\/le-rite.fr\/index.php\/wp-json\/wp\/v2\/pages\/2189","targetHints":{"allow":["GET"]}}],"collection":[{"href":"https:\/\/le-rite.fr\/index.php\/wp-json\/wp\/v2\/pages"}],"about":[{"href":"https:\/\/le-rite.fr\/index.php\/wp-json\/wp\/v2\/types\/page"}],"author":[{"embeddable":true,"href":"https:\/\/le-rite.fr\/index.php\/wp-json\/wp\/v2\/users\/1"}],"replies":[{"embeddable":true,"href":"https:\/\/le-rite.fr\/index.php\/wp-json\/wp\/v2\/comments?post=2189"}],"version-history":[{"count":4,"href":"https:\/\/le-rite.fr\/index.php\/wp-json\/wp\/v2\/pages\/2189\/revisions"}],"predecessor-version":[{"id":2195,"href":"https:\/\/le-rite.fr\/index.php\/wp-json\/wp\/v2\/pages\/2189\/revisions\/2195"}],"up":[{"embeddable":true,"href":"https:\/\/le-rite.fr\/index.php\/wp-json\/wp\/v2\/pages\/2173"}],"wp:attachment":[{"href":"https:\/\/le-rite.fr\/index.php\/wp-json\/wp\/v2\/media?parent=2189"}],"curies":[{"name":"wp","href":"https:\/\/api.w.org\/{rel}","templated":true}]}}