{"id":911,"date":"2023-10-17T11:38:03","date_gmt":"2023-10-17T09:38:03","guid":{"rendered":"https:\/\/le-rite.fr\/?page_id=911"},"modified":"2024-07-30T13:58:47","modified_gmt":"2024-07-30T11:58:47","slug":"memoires-etudiants","status":"publish","type":"page","link":"https:\/\/le-rite.fr\/index.php\/ressources-2\/memoires-etudiants\/","title":{"rendered":"Licence pro"},"content":{"rendered":"\t\t<div data-elementor-type=\"wp-page\" data-elementor-id=\"911\" class=\"elementor elementor-911\" data-elementor-post-type=\"page\">\n\t\t\t\t<div class=\"elementor-element elementor-element-16ee470 e-flex e-con-boxed e-con e-child\" data-id=\"16ee470\" data-element_type=\"container\" data-e-type=\"container\" data-settings=\"{&quot;background_background&quot;:&quot;classic&quot;}\">\n\t\t\t\t\t<div class=\"e-con-inner\">\n\t\t\t\t<div class=\"elementor-element elementor-element-81cebaa elementor-widget elementor-widget-breadcrumbs\" data-id=\"81cebaa\" data-element_type=\"widget\" data-e-type=\"widget\" data-widget_type=\"breadcrumbs.default\">\n\t\t\t\t<div class=\"elementor-widget-container\">\n\t\t\t\t\t<p id=\"breadcrumbs\"><span><span><a href=\"https:\/\/le-rite.fr\/\">Accueil<\/a><\/span><\/span><\/p>\t\t\t\t<\/div>\n\t\t\t\t<\/div>\n\t\t\t\t<div class=\"elementor-element elementor-element-7e6177d elementor-widget elementor-widget-spacer\" data-id=\"7e6177d\" data-element_type=\"widget\" data-e-type=\"widget\" data-widget_type=\"spacer.default\">\n\t\t\t\t<div class=\"elementor-widget-container\">\n\t\t\t\t\t\t\t<div class=\"elementor-spacer\">\n\t\t\t<div class=\"elementor-spacer-inner\"><\/div>\n\t\t<\/div>\n\t\t\t\t\t\t<\/div>\n\t\t\t\t<\/div>\n\t\t\t\t<div class=\"elementor-element elementor-element-cb09e46 elementor-widget elementor-widget-heading\" data-id=\"cb09e46\" data-element_type=\"widget\" data-e-type=\"widget\" data-widget_type=\"heading.default\">\n\t\t\t\t<div class=\"elementor-widget-container\">\n\t\t\t\t\t<h1 class=\"elementor-heading-title elementor-size-default\">La Licence Pro<\/h1>\t\t\t\t<\/div>\n\t\t\t\t<\/div>\n\t\t\t\t<div class=\"elementor-element elementor-element-4f4d6df elementor-widget elementor-widget-heading\" data-id=\"4f4d6df\" data-element_type=\"widget\" data-e-type=\"widget\" data-widget_type=\"heading.default\">\n\t\t\t\t<div class=\"elementor-widget-container\">\n\t\t\t\t\t<h2 class=\"elementor-heading-title elementor-size-default\">- Toutes les contributions r\u00e9centes et compte-rendu d'ateliers<\/h2>\t\t\t\t<\/div>\n\t\t\t\t<\/div>\n\t\t\t\t<div class=\"elementor-element elementor-element-16257f2 elementor-widget elementor-widget-spacer\" data-id=\"16257f2\" data-element_type=\"widget\" data-e-type=\"widget\" data-widget_type=\"spacer.default\">\n\t\t\t\t<div class=\"elementor-widget-container\">\n\t\t\t\t\t\t\t<div class=\"elementor-spacer\">\n\t\t\t<div class=\"elementor-spacer-inner\"><\/div>\n\t\t<\/div>\n\t\t\t\t\t\t<\/div>\n\t\t\t\t<\/div>\n\t\t\t\t\t<\/div>\n\t\t\t\t<\/div>\n\t\t<div class=\"elementor-element elementor-element-451f516 e-flex e-con-boxed e-con e-parent\" data-id=\"451f516\" data-element_type=\"container\" data-e-type=\"container\">\n\t\t\t\t\t<div class=\"e-con-inner\">\n\t\t<div class=\"elementor-element elementor-element-8884bc5 e-con-full e-flex e-con e-child\" data-id=\"8884bc5\" data-element_type=\"container\" data-e-type=\"container\">\n\t\t<div class=\"elementor-element elementor-element-2d50fa9 e-con-full e-flex e-con e-child\" data-id=\"2d50fa9\" data-element_type=\"container\" data-e-type=\"container\" data-settings=\"{&quot;background_background&quot;:&quot;classic&quot;}\">\n\t\t\t\t<div class=\"elementor-element elementor-element-db3fec5 elementor-view-default elementor-widget elementor-widget-icon\" data-id=\"db3fec5\" data-element_type=\"widget\" data-e-type=\"widget\" data-widget_type=\"icon.default\">\n\t\t\t\t<div class=\"elementor-widget-container\">\n\t\t\t\t\t\t\t<div class=\"elementor-icon-wrapper\">\n\t\t\t<div class=\"elementor-icon\">\n\t\t\t<i aria-hidden=\"true\" class=\"fas fa-book\"><\/i>\t\t\t<\/div>\n\t\t<\/div>\n\t\t\t\t\t\t<\/div>\n\t\t\t\t<\/div>\n\t\t\t\t<div class=\"elementor-element elementor-element-0d22e09 elementor-widget elementor-widget-heading\" data-id=\"0d22e09\" data-element_type=\"widget\" data-e-type=\"widget\" data-widget_type=\"heading.default\">\n\t\t\t\t<div class=\"elementor-widget-container\">\n\t\t\t\t\t<h2 class=\"elementor-heading-title elementor-size-default\">Histoire de la Licence Pro<\/h2>\t\t\t\t<\/div>\n\t\t\t\t<\/div>\n\t\t\t\t<div class=\"elementor-element elementor-element-c191610 elementor-align-center elementor-widget elementor-widget-button\" data-id=\"c191610\" data-element_type=\"widget\" data-e-type=\"widget\" data-widget_type=\"button.default\">\n\t\t\t\t<div class=\"elementor-widget-container\">\n\t\t\t\t\t\t\t\t\t<div class=\"elementor-button-wrapper\">\n\t\t\t\t\t<a class=\"elementor-button elementor-button-link elementor-size-sm\" href=\"https:\/\/le-rite.fr\/index.php\/ressources-2\/memoires-etudiants\/articles-sur-lhistoire-de-la-l-pro\/\">\n\t\t\t\t\t\t<span class=\"elementor-button-content-wrapper\">\n\t\t\t\t\t\t\t\t\t<span class=\"elementor-button-text\">Consulter<\/span>\n\t\t\t\t\t<\/span>\n\t\t\t\t\t<\/a>\n\t\t\t\t<\/div>\n\t\t\t\t\t\t\t\t<\/div>\n\t\t\t\t<\/div>\n\t\t\t\t<\/div>\n\t\t\t\t<\/div>\n\t\t<div class=\"elementor-element elementor-element-78d1556 e-con-full e-flex e-con e-child\" data-id=\"78d1556\" data-element_type=\"container\" data-e-type=\"container\">\n\t\t<div class=\"elementor-element elementor-element-80cf298 e-con-full e-flex e-con e-child\" data-id=\"80cf298\" data-element_type=\"container\" data-e-type=\"container\" data-settings=\"{&quot;background_background&quot;:&quot;classic&quot;}\">\n\t\t\t\t<div class=\"elementor-element elementor-element-6ca53a8 elementor-view-default elementor-widget elementor-widget-icon\" data-id=\"6ca53a8\" data-element_type=\"widget\" data-e-type=\"widget\" data-widget_type=\"icon.default\">\n\t\t\t\t<div class=\"elementor-widget-container\">\n\t\t\t\t\t\t\t<div class=\"elementor-icon-wrapper\">\n\t\t\t<div class=\"elementor-icon\">\n\t\t\t<i aria-hidden=\"true\" class=\"fas fa-book\"><\/i>\t\t\t<\/div>\n\t\t<\/div>\n\t\t\t\t\t\t<\/div>\n\t\t\t\t<\/div>\n\t\t\t\t<div class=\"elementor-element elementor-element-fb44242 elementor-widget elementor-widget-heading\" data-id=\"fb44242\" data-element_type=\"widget\" data-e-type=\"widget\" data-widget_type=\"heading.default\">\n\t\t\t\t<div class=\"elementor-widget-container\">\n\t\t\t\t\t<h2 class=\"elementor-heading-title elementor-size-default\">P\u00e9dagogie<\/h2>\t\t\t\t<\/div>\n\t\t\t\t<\/div>\n\t\t\t\t<div class=\"elementor-element elementor-element-e9ecb89 elementor-align-center elementor-widget elementor-widget-button\" data-id=\"e9ecb89\" data-element_type=\"widget\" data-e-type=\"widget\" data-widget_type=\"button.default\">\n\t\t\t\t<div class=\"elementor-widget-container\">\n\t\t\t\t\t\t\t\t\t<div class=\"elementor-button-wrapper\">\n\t\t\t\t\t<a class=\"elementor-button elementor-button-link elementor-size-sm\" href=\"https:\/\/le-rite.fr\/index.php\/ressources-2\/memoires-etudiants\/articles-sur-la-pedagogie\/\">\n\t\t\t\t\t\t<span class=\"elementor-button-content-wrapper\">\n\t\t\t\t\t\t\t\t\t<span class=\"elementor-button-text\">Consulter<\/span>\n\t\t\t\t\t<\/span>\n\t\t\t\t\t<\/a>\n\t\t\t\t<\/div>\n\t\t\t\t\t\t\t\t<\/div>\n\t\t\t\t<\/div>\n\t\t\t\t<\/div>\n\t\t\t\t<\/div>\n\t\t\t\t\t<\/div>\n\t\t\t\t<\/div>\n\t\t<div class=\"elementor-element elementor-element-da9c974 e-flex e-con-boxed e-con e-parent\" data-id=\"da9c974\" data-element_type=\"container\" data-e-type=\"container\" data-settings=\"{&quot;background_background&quot;:&quot;classic&quot;}\">\n\t\t\t\t\t<div class=\"e-con-inner\">\n\t\t<div class=\"elementor-element elementor-element-100ba48 e-flex e-con-boxed e-con e-child\" data-id=\"100ba48\" data-element_type=\"container\" data-e-type=\"container\" data-settings=\"{&quot;background_background&quot;:&quot;classic&quot;}\">\n\t\t\t\t\t<div class=\"e-con-inner\">\n\t\t\t\t<div class=\"elementor-element elementor-element-f652f13 elementor-widget elementor-widget-spacer\" data-id=\"f652f13\" data-element_type=\"widget\" data-e-type=\"widget\" data-widget_type=\"spacer.default\">\n\t\t\t\t<div class=\"elementor-widget-container\">\n\t\t\t\t\t\t\t<div class=\"elementor-spacer\">\n\t\t\t<div class=\"elementor-spacer-inner\"><\/div>\n\t\t<\/div>\n\t\t\t\t\t\t<\/div>\n\t\t\t\t<\/div>\n\t\t\t\t<div class=\"elementor-element elementor-element-15d3c68 elementor-widget elementor-widget-heading\" data-id=\"15d3c68\" data-element_type=\"widget\" data-e-type=\"widget\" data-widget_type=\"heading.default\">\n\t\t\t\t<div class=\"elementor-widget-container\">\n\t\t\t\t\t<h2 class=\"elementor-heading-title elementor-size-default\">Le R.I.T.E a besoin de vous !<\/h2>\t\t\t\t<\/div>\n\t\t\t\t<\/div>\n\t\t\t\t<div class=\"elementor-element elementor-element-a4e42a8 elementor-widget-divider--view-line elementor-widget elementor-widget-divider\" data-id=\"a4e42a8\" data-element_type=\"widget\" data-e-type=\"widget\" data-widget_type=\"divider.default\">\n\t\t\t\t<div class=\"elementor-widget-container\">\n\t\t\t\t\t\t\t<div class=\"elementor-divider\">\n\t\t\t<span class=\"elementor-divider-separator\">\n\t\t\t\t\t\t<\/span>\n\t\t<\/div>\n\t\t\t\t\t\t<\/div>\n\t\t\t\t<\/div>\n\t\t\t\t<div class=\"elementor-element elementor-element-d0e3dec elementor-widget elementor-widget-text-editor\" data-id=\"d0e3dec\" data-element_type=\"widget\" data-e-type=\"widget\" data-widget_type=\"text-editor.default\">\n\t\t\t\t<div class=\"elementor-widget-container\">\n\t\t\t\t\t\t\t\t\t<p>Le R.I.T.E fonctionne gr\u00e2ce \u00e0 vos dons. Si vous d\u00e9sirez soutenir l&rsquo;association, vous pouvez contribuer financi\u00e8rement \u00e0 son existence pour lui permettre de cr\u00e9er des \u00e9v\u00e8nements et transmettre des contenus toujours plus pertinent pour l&rsquo;enseignement en th\u00e9\u00e2tre \u00e9ducation.<\/p>\t\t\t\t\t\t\t\t<\/div>\n\t\t\t\t<\/div>\n\t\t\t\t<div class=\"elementor-element elementor-element-b0cded8 elementor-widget elementor-widget-button\" data-id=\"b0cded8\" data-element_type=\"widget\" data-e-type=\"widget\" data-widget_type=\"button.default\">\n\t\t\t\t<div class=\"elementor-widget-container\">\n\t\t\t\t\t\t\t\t\t<div class=\"elementor-button-wrapper\">\n\t\t\t\t\t<a class=\"elementor-button elementor-button-link elementor-size-sm\" href=\"https:\/\/www.payasso.fr\/association-rite\/dons\" target=\"_blank\">\n\t\t\t\t\t\t<span class=\"elementor-button-content-wrapper\">\n\t\t\t\t\t\t\t\t\t<span class=\"elementor-button-text\">Faire un don<\/span>\n\t\t\t\t\t<\/span>\n\t\t\t\t\t<\/a>\n\t\t\t\t<\/div>\n\t\t\t\t\t\t\t\t<\/div>\n\t\t\t\t<\/div>\n\t\t\t\t<div class=\"elementor-element elementor-element-e0306b0 elementor-widget elementor-widget-spacer\" data-id=\"e0306b0\" data-element_type=\"widget\" data-e-type=\"widget\" data-widget_type=\"spacer.default\">\n\t\t\t\t<div class=\"elementor-widget-container\">\n\t\t\t\t\t\t\t<div class=\"elementor-spacer\">\n\t\t\t<div class=\"elementor-spacer-inner\"><\/div>\n\t\t<\/div>\n\t\t\t\t\t\t<\/div>\n\t\t\t\t<\/div>\n\t\t\t\t\t<\/div>\n\t\t\t\t<\/div>\n\t\t\t\t\t<\/div>\n\t\t\t\t<\/div>\n\t\t\t\t<\/div>\n\t\t","protected":false},"excerpt":{"rendered":"<p>La Licence Pro &#8211; Toutes les contributions r\u00e9centes et compte-rendu d&rsquo;ateliers Histoire de la Licence Pro Consulter P\u00e9dagogie Consulter Le R.I.T.E a besoin de vous ! Le R.I.T.E fonctionne gr\u00e2ce \u00e0 vos dons. Si vous d\u00e9sirez soutenir l&rsquo;association, vous pouvez contribuer financi\u00e8rement \u00e0 son existence pour lui permettre de cr\u00e9er des \u00e9v\u00e8nements et transmettre des [&hellip;]<\/p>\n","protected":false},"author":1,"featured_media":0,"parent":58,"menu_order":0,"comment_status":"closed","ping_status":"closed","template":"","meta":{"footnotes":""},"class_list":["post-911","page","type-page","status-publish","hentry"],"yoast_head":"<!-- This site is optimized with the Yoast SEO plugin v26.9 - https:\/\/yoast.com\/product\/yoast-seo-wordpress\/ -->\n<title>Licence pro - Le R.I.T.E<\/title>\n<meta name=\"robots\" content=\"index, follow, max-snippet:-1, max-image-preview:large, max-video-preview:-1\" \/>\n<link rel=\"canonical\" href=\"https:\/\/le-rite.fr\/index.php\/ressources-2\/memoires-etudiants\/\" \/>\n<meta property=\"og:locale\" content=\"fr_FR\" \/>\n<meta property=\"og:type\" content=\"article\" \/>\n<meta property=\"og:title\" content=\"Licence pro - Le R.I.T.E\" \/>\n<meta property=\"og:description\" content=\"La Licence Pro &#8211; Toutes les contributions r\u00e9centes et compte-rendu d&rsquo;ateliers Histoire de la Licence Pro Consulter P\u00e9dagogie Consulter Le R.I.T.E a besoin de vous ! Le R.I.T.E fonctionne gr\u00e2ce \u00e0 vos dons. Si vous d\u00e9sirez soutenir l&rsquo;association, vous pouvez contribuer financi\u00e8rement \u00e0 son existence pour lui permettre de cr\u00e9er des \u00e9v\u00e8nements et transmettre des [&hellip;]\" \/>\n<meta property=\"og:url\" content=\"https:\/\/le-rite.fr\/index.php\/ressources-2\/memoires-etudiants\/\" \/>\n<meta property=\"og:site_name\" content=\"Le R.I.T.E\" \/>\n<meta property=\"article:modified_time\" content=\"2024-07-30T11:58:47+00:00\" \/>\n<meta name=\"twitter:card\" content=\"summary_large_image\" \/>\n<script type=\"application\/ld+json\" class=\"yoast-schema-graph\">{\"@context\":\"https:\/\/schema.org\",\"@graph\":[{\"@type\":\"WebPage\",\"@id\":\"https:\/\/le-rite.fr\/index.php\/ressources-2\/memoires-etudiants\/\",\"url\":\"https:\/\/le-rite.fr\/index.php\/ressources-2\/memoires-etudiants\/\",\"name\":\"Licence pro - Le R.I.T.E\",\"isPartOf\":{\"@id\":\"https:\/\/le-rite.fr\/#website\"},\"datePublished\":\"2023-10-17T09:38:03+00:00\",\"dateModified\":\"2024-07-30T11:58:47+00:00\",\"breadcrumb\":{\"@id\":\"https:\/\/le-rite.fr\/index.php\/ressources-2\/memoires-etudiants\/#breadcrumb\"},\"inLanguage\":\"fr-FR\",\"potentialAction\":[{\"@type\":\"ReadAction\",\"target\":[\"https:\/\/le-rite.fr\/index.php\/ressources-2\/memoires-etudiants\/\"]}]},{\"@type\":\"BreadcrumbList\",\"@id\":\"https:\/\/le-rite.fr\/index.php\/ressources-2\/memoires-etudiants\/#breadcrumb\",\"itemListElement\":[{\"@type\":\"ListItem\",\"position\":1,\"name\":\"Accueil\",\"item\":\"https:\/\/le-rite.fr\/\"},{\"@type\":\"ListItem\",\"position\":2,\"name\":\"Ressources\",\"item\":\"https:\/\/le-rite.fr\/index.php\/ressources-2\/\"},{\"@type\":\"ListItem\",\"position\":3,\"name\":\"Licence pro\"}]},{\"@type\":\"WebSite\",\"@id\":\"https:\/\/le-rite.fr\/#website\",\"url\":\"https:\/\/le-rite.fr\/\",\"name\":\"Le R.I.T.E\",\"description\":\"Le r\u00e9seau des intervenants en th\u00e9\u00e2tre \u00e9ducation\",\"publisher\":{\"@id\":\"https:\/\/le-rite.fr\/#organization\"},\"potentialAction\":[{\"@type\":\"SearchAction\",\"target\":{\"@type\":\"EntryPoint\",\"urlTemplate\":\"https:\/\/le-rite.fr\/?s={search_term_string}\"},\"query-input\":{\"@type\":\"PropertyValueSpecification\",\"valueRequired\":true,\"valueName\":\"search_term_string\"}}],\"inLanguage\":\"fr-FR\"},{\"@type\":\"Organization\",\"@id\":\"https:\/\/le-rite.fr\/#organization\",\"name\":\"Le R.I.T.E\",\"url\":\"https:\/\/le-rite.fr\/\",\"logo\":{\"@type\":\"ImageObject\",\"inLanguage\":\"fr-FR\",\"@id\":\"https:\/\/le-rite.fr\/#\/schema\/logo\/image\/\",\"url\":\"https:\/\/le-rite.fr\/wp-content\/uploads\/2023\/10\/logo-le-rite-v2.png\",\"contentUrl\":\"https:\/\/le-rite.fr\/wp-content\/uploads\/2023\/10\/logo-le-rite-v2.png\",\"width\":366,\"height\":285,\"caption\":\"Le R.I.T.E\"},\"image\":{\"@id\":\"https:\/\/le-rite.fr\/#\/schema\/logo\/image\/\"}}]}<\/script>\n<!-- \/ Yoast SEO plugin. -->","yoast_head_json":{"title":"Licence pro - Le R.I.T.E","robots":{"index":"index","follow":"follow","max-snippet":"max-snippet:-1","max-image-preview":"max-image-preview:large","max-video-preview":"max-video-preview:-1"},"canonical":"https:\/\/le-rite.fr\/index.php\/ressources-2\/memoires-etudiants\/","og_locale":"fr_FR","og_type":"article","og_title":"Licence pro - Le R.I.T.E","og_description":"La Licence Pro &#8211; Toutes les contributions r\u00e9centes et compte-rendu d&rsquo;ateliers Histoire de la Licence Pro Consulter P\u00e9dagogie Consulter Le R.I.T.E a besoin de vous ! Le R.I.T.E fonctionne gr\u00e2ce \u00e0 vos dons. Si vous d\u00e9sirez soutenir l&rsquo;association, vous pouvez contribuer financi\u00e8rement \u00e0 son existence pour lui permettre de cr\u00e9er des \u00e9v\u00e8nements et transmettre des [&hellip;]","og_url":"https:\/\/le-rite.fr\/index.php\/ressources-2\/memoires-etudiants\/","og_site_name":"Le R.I.T.E","article_modified_time":"2024-07-30T11:58:47+00:00","twitter_card":"summary_large_image","schema":{"@context":"https:\/\/schema.org","@graph":[{"@type":"WebPage","@id":"https:\/\/le-rite.fr\/index.php\/ressources-2\/memoires-etudiants\/","url":"https:\/\/le-rite.fr\/index.php\/ressources-2\/memoires-etudiants\/","name":"Licence pro - Le R.I.T.E","isPartOf":{"@id":"https:\/\/le-rite.fr\/#website"},"datePublished":"2023-10-17T09:38:03+00:00","dateModified":"2024-07-30T11:58:47+00:00","breadcrumb":{"@id":"https:\/\/le-rite.fr\/index.php\/ressources-2\/memoires-etudiants\/#breadcrumb"},"inLanguage":"fr-FR","potentialAction":[{"@type":"ReadAction","target":["https:\/\/le-rite.fr\/index.php\/ressources-2\/memoires-etudiants\/"]}]},{"@type":"BreadcrumbList","@id":"https:\/\/le-rite.fr\/index.php\/ressources-2\/memoires-etudiants\/#breadcrumb","itemListElement":[{"@type":"ListItem","position":1,"name":"Accueil","item":"https:\/\/le-rite.fr\/"},{"@type":"ListItem","position":2,"name":"Ressources","item":"https:\/\/le-rite.fr\/index.php\/ressources-2\/"},{"@type":"ListItem","position":3,"name":"Licence pro"}]},{"@type":"WebSite","@id":"https:\/\/le-rite.fr\/#website","url":"https:\/\/le-rite.fr\/","name":"Le R.I.T.E","description":"Le r\u00e9seau des intervenants en th\u00e9\u00e2tre \u00e9ducation","publisher":{"@id":"https:\/\/le-rite.fr\/#organization"},"potentialAction":[{"@type":"SearchAction","target":{"@type":"EntryPoint","urlTemplate":"https:\/\/le-rite.fr\/?s={search_term_string}"},"query-input":{"@type":"PropertyValueSpecification","valueRequired":true,"valueName":"search_term_string"}}],"inLanguage":"fr-FR"},{"@type":"Organization","@id":"https:\/\/le-rite.fr\/#organization","name":"Le R.I.T.E","url":"https:\/\/le-rite.fr\/","logo":{"@type":"ImageObject","inLanguage":"fr-FR","@id":"https:\/\/le-rite.fr\/#\/schema\/logo\/image\/","url":"https:\/\/le-rite.fr\/wp-content\/uploads\/2023\/10\/logo-le-rite-v2.png","contentUrl":"https:\/\/le-rite.fr\/wp-content\/uploads\/2023\/10\/logo-le-rite-v2.png","width":366,"height":285,"caption":"Le R.I.T.E"},"image":{"@id":"https:\/\/le-rite.fr\/#\/schema\/logo\/image\/"}}]}},"_links":{"self":[{"href":"https:\/\/le-rite.fr\/index.php\/wp-json\/wp\/v2\/pages\/911","targetHints":{"allow":["GET"]}}],"collection":[{"href":"https:\/\/le-rite.fr\/index.php\/wp-json\/wp\/v2\/pages"}],"about":[{"href":"https:\/\/le-rite.fr\/index.php\/wp-json\/wp\/v2\/types\/page"}],"author":[{"embeddable":true,"href":"https:\/\/le-rite.fr\/index.php\/wp-json\/wp\/v2\/users\/1"}],"replies":[{"embeddable":true,"href":"https:\/\/le-rite.fr\/index.php\/wp-json\/wp\/v2\/comments?post=911"}],"version-history":[{"count":77,"href":"https:\/\/le-rite.fr\/index.php\/wp-json\/wp\/v2\/pages\/911\/revisions"}],"predecessor-version":[{"id":2141,"href":"https:\/\/le-rite.fr\/index.php\/wp-json\/wp\/v2\/pages\/911\/revisions\/2141"}],"up":[{"embeddable":true,"href":"https:\/\/le-rite.fr\/index.php\/wp-json\/wp\/v2\/pages\/58"}],"wp:attachment":[{"href":"https:\/\/le-rite.fr\/index.php\/wp-json\/wp\/v2\/media?parent=911"}],"curies":[{"name":"wp","href":"https:\/\/api.w.org\/{rel}","templated":true}]}}